{"id":1900,"date":"2024-05-01T16:18:06","date_gmt":"2024-05-01T13:18:06","guid":{"rendered":"https:\/\/umrah.es\/es\/?post_type=product&#038;p=1900"},"modified":"2025-11-27T17:12:36","modified_gmt":"2025-11-27T14:12:36","slug":"umrah-diciembre-madrid","status":"publish","type":"product","link":"https:\/\/umrah.es\/es\/producto\/umrah-diciembre-madrid\/","title":{"rendered":"Diciembre Madrid"},"content":{"rendered":"<p>Condiciones de viaje:<\/p>\n<p style=\"text-align: left;\">\u2022 Pasaporte con un periodo de validez de m\u00e1s de 6 meses a partir de la fecha de viaje \u2022 Una foto con fondo Blanco \u2022 NIE \/ DNI<\/p>\n<p>Nuestro viaje saldr\u00e1 desde Madrid el martes 23 de diciembre de 2025 in shaa Allah. Ser\u00e1 una aventura \u00fanica, excepcional y llena de espiritualidad para muchas personas. \u00a1Reserva tu plaza ahora!<\/p>\n","protected":false},"excerpt":{"rendered":"<p>Condiciones de viaje: \u2022 Pasaporte con un periodo de validez de m\u00e1s de 6 meses a partir de la fecha de viaje \u2022 Una foto con fondo Blanco \u2022 NIE \/ DNI Nuestro viaje saldr\u00e1 desde Madrid el martes 23 de diciembre de 2025 in shaa Allah. Ser\u00e1 una aventura \u00fanica, excepcional y llena de [&hellip;]<\/p>\n","protected":false},"featured_media":1911,"comment_status":"open","ping_status":"closed","template":"","meta":{"_joinchat":[]},"class_list":["post-1900","product","type-product","status-publish","has-post-thumbnail","hentry","product_cat-umrah"],"_links":{"self":[{"href":"https:\/\/umrah.es\/es\/wp-json\/wp\/v2\/product\/1900","targetHints":{"allow":["GET"]}}],"collection":[{"href":"https:\/\/umrah.es\/es\/wp-json\/wp\/v2\/product"}],"about":[{"href":"https:\/\/umrah.es\/es\/wp-json\/wp\/v2\/types\/product"}],"replies":[{"embeddable":true,"href":"https:\/\/umrah.es\/es\/wp-json\/wp\/v2\/comments?post=1900"}],"wp:featuredmedia":[{"embeddable":true,"href":"https:\/\/umrah.es\/es\/wp-json\/wp\/v2\/media\/1911"}],"wp:attachment":[{"href":"https:\/\/umrah.es\/es\/wp-json\/wp\/v2\/media?parent=1900"}],"curies":[{"name":"wp","href":"https:\/\/api.w.org\/{rel}","templated":true}]}}