{"id":1901,"date":"2024-05-01T16:32:37","date_gmt":"2024-05-01T13:32:37","guid":{"rendered":"https:\/\/umrah.es\/es\/?post_type=product&#038;p=1901"},"modified":"2025-11-27T17:14:05","modified_gmt":"2025-11-27T14:14:05","slug":"umrah-diciembre-barcelona","status":"publish","type":"product","link":"https:\/\/umrah.es\/es\/producto\/umrah-diciembre-barcelona\/","title":{"rendered":"Diciembre Barcelona"},"content":{"rendered":"<p>Condiciones de viaje:<\/p>\n<p style=\"text-align: left;\">\u2022 Pasaporte con un periodo de validez de m\u00e1s de 6 meses a partir de la fecha de viaje \u2022 Una foto con fondo Blanco \u2022 NIE\u00a0 \/ DNI<\/p>\n<p>Nuestro viaje saldr\u00e1 desde Barcelona el martes 23 de diciembre de 2025 in shaa Allah. Ser\u00e1 una aventura \u00fanica, excepcional y llena de espiritualidad para muchas personas. \u00a1Reserva tu plaza ahora!<\/p>\n","protected":false},"excerpt":{"rendered":"<p>Condiciones de viaje: \u2022 Pasaporte con un periodo de validez de m\u00e1s de 6 meses a partir de la fecha de viaje \u2022 Una foto con fondo Blanco \u2022 NIE\u00a0 \/ DNI Nuestro viaje saldr\u00e1 desde Barcelona el martes 23 de diciembre de 2025 in shaa Allah. Ser\u00e1 una aventura \u00fanica, excepcional y llena de [&hellip;]<\/p>\n","protected":false},"featured_media":1912,"comment_status":"open","ping_status":"closed","template":"","meta":{"_joinchat":[]},"class_list":["post-1901","product","type-product","status-publish","has-post-thumbnail","hentry","product_cat-umrah"],"_links":{"self":[{"href":"https:\/\/umrah.es\/es\/wp-json\/wp\/v2\/product\/1901","targetHints":{"allow":["GET"]}}],"collection":[{"href":"https:\/\/umrah.es\/es\/wp-json\/wp\/v2\/product"}],"about":[{"href":"https:\/\/umrah.es\/es\/wp-json\/wp\/v2\/types\/product"}],"replies":[{"embeddable":true,"href":"https:\/\/umrah.es\/es\/wp-json\/wp\/v2\/comments?post=1901"}],"wp:featuredmedia":[{"embeddable":true,"href":"https:\/\/umrah.es\/es\/wp-json\/wp\/v2\/media\/1912"}],"wp:attachment":[{"href":"https:\/\/umrah.es\/es\/wp-json\/wp\/v2\/media?parent=1901"}],"curies":[{"name":"wp","href":"https:\/\/api.w.org\/{rel}","templated":true}]}}