{"id":2179,"date":"2025-11-27T17:15:42","date_gmt":"2025-11-27T14:15:42","guid":{"rendered":"https:\/\/umrah.es\/es\/?post_type=product&#038;p=2179"},"modified":"2025-11-27T17:31:12","modified_gmt":"2025-11-27T14:31:12","slug":"umrah-enero-madrid","status":"publish","type":"product","link":"https:\/\/umrah.es\/es\/producto\/umrah-enero-madrid\/","title":{"rendered":"Umrah Enero 2026 &#8211; Madrid"},"content":{"rendered":"<p>Condiciones de viaje:<\/p>\n<p style=\"text-align: left;\">\u2022 Pasaporte con un periodo de validez de m\u00e1s de 6 meses a partir de la fecha de viaje \u2022 Una foto con fondo Blanco \u2022 NIE \/ DNI<\/p>\n<p>Nuestro viaje saldr\u00e1 desde Madrid el 15 de Enero del 2026 Insha&#8217;Allah. Ser\u00e1 una aventura \u00fanica, excepcional y llena de espiritualidad para muchas personas. \u00a1Reserva tu plaza ahora!<\/p>\n","protected":false},"excerpt":{"rendered":"<p>Umrah enero 2026 desde Madrid, una umrah ideal para los que quieren evitar el calor y las temporadas altas, reserva ya tu plaza!!!<\/p>\n","protected":false},"featured_media":1977,"comment_status":"open","ping_status":"closed","template":"","meta":{"_joinchat":{"telephone":"+34617566496"}},"class_list":["post-2179","product","type-product","status-publish","has-post-thumbnail","hentry","product_cat-umrah"],"_links":{"self":[{"href":"https:\/\/umrah.es\/es\/wp-json\/wp\/v2\/product\/2179","targetHints":{"allow":["GET"]}}],"collection":[{"href":"https:\/\/umrah.es\/es\/wp-json\/wp\/v2\/product"}],"about":[{"href":"https:\/\/umrah.es\/es\/wp-json\/wp\/v2\/types\/product"}],"replies":[{"embeddable":true,"href":"https:\/\/umrah.es\/es\/wp-json\/wp\/v2\/comments?post=2179"}],"wp:featuredmedia":[{"embeddable":true,"href":"https:\/\/umrah.es\/es\/wp-json\/wp\/v2\/media\/1977"}],"wp:attachment":[{"href":"https:\/\/umrah.es\/es\/wp-json\/wp\/v2\/media?parent=2179"}],"curies":[{"name":"wp","href":"https:\/\/api.w.org\/{rel}","templated":true}]}}