{"id":2190,"date":"2025-11-27T18:21:35","date_gmt":"2025-11-27T15:21:35","guid":{"rendered":"https:\/\/umrah.es\/es\/?post_type=product&#038;p=2190"},"modified":"2025-11-27T18:25:11","modified_gmt":"2025-11-27T15:25:11","slug":"umrah-ramadan-2026-ultimos-dias-barcelona","status":"publish","type":"product","link":"https:\/\/umrah.es\/es\/producto\/umrah-ramadan-2026-ultimos-dias-barcelona\/","title":{"rendered":"Umrah Ramadan 2026- \u00daltimos d\u00edas Barcelona"},"content":{"rendered":"<p>Condiciones de viaje:<\/p>\n<p style=\"text-align: left;\">\u2022 Pasaporte con un periodo de validez de m\u00e1s de 6 meses a partir de la fecha de viaje \u2022 Una foto con fondo Blanco \u2022 NIE \/ DNI<\/p>\n<p>Nuestro viaje saldr\u00e1 desde Barcelona el 03 de marzo\u00a0 del 2026 Insha&#8217;Allah. Ser\u00e1 una aventura \u00fanica, excepcional y llena de espiritualidad para muchas personas. \u00a1Reserva tu plaza ahora!<\/p>\n","protected":false},"excerpt":{"rendered":"<p>Umrah ramadan 2026 \u00faltimos d\u00edas desde Barcelona, la umrah m\u00e1s deseada de ramadan, reserva tu plaza!!!<\/p>\n","protected":false},"featured_media":2191,"comment_status":"open","ping_status":"closed","template":"","meta":{"_joinchat":{"telephone":"+34617566496"}},"class_list":["post-2190","product","type-product","status-publish","has-post-thumbnail","hentry","product_cat-umrah"],"_links":{"self":[{"href":"https:\/\/umrah.es\/es\/wp-json\/wp\/v2\/product\/2190","targetHints":{"allow":["GET"]}}],"collection":[{"href":"https:\/\/umrah.es\/es\/wp-json\/wp\/v2\/product"}],"about":[{"href":"https:\/\/umrah.es\/es\/wp-json\/wp\/v2\/types\/product"}],"replies":[{"embeddable":true,"href":"https:\/\/umrah.es\/es\/wp-json\/wp\/v2\/comments?post=2190"}],"wp:featuredmedia":[{"embeddable":true,"href":"https:\/\/umrah.es\/es\/wp-json\/wp\/v2\/media\/2191"}],"wp:attachment":[{"href":"https:\/\/umrah.es\/es\/wp-json\/wp\/v2\/media?parent=2190"}],"curies":[{"name":"wp","href":"https:\/\/api.w.org\/{rel}","templated":true}]}}