{"id":2194,"date":"2025-11-27T18:34:59","date_gmt":"2025-11-27T15:34:59","guid":{"rendered":"https:\/\/umrah.es\/es\/?post_type=product&#038;p=2194"},"modified":"2026-01-14T17:25:24","modified_gmt":"2026-01-14T14:25:24","slug":"umrah-primavera-2026-barcelona","status":"publish","type":"product","link":"https:\/\/umrah.es\/es\/producto\/umrah-primavera-2026-barcelona\/","title":{"rendered":"Umrah Primavera 2026- Barcelona"},"content":{"rendered":"<p>Condiciones de viaje:<\/p>\n<p style=\"text-align: left;\">\u2022 Pasaporte con un periodo de validez de m\u00e1s de 6 meses a partir de la fecha de viaje \u2022 Una foto con fondo Blanco \u2022 NIE \/ DNI<\/p>\n<p>Nuestro viaje saldr\u00e1 desde Barcelona el 28 de marzo\u00a0 del 2026 coincidiendo con las vacaciones de primavera Insha&#8217;Allah. Ser\u00e1 una aventura \u00fanica, excepcional y llena de espiritualidad para muchas personas. \u00a1Reserva tu plaza ahora!<\/p>\n","protected":false},"excerpt":{"rendered":"<p>Umrah primavera 2026, la umrah perfecta para vosotros que ten\u00e9is vacaciones, es la \u00faltima umrah del a\u00f1o hijri, aprovecha y reserva tu plaza!!!<\/p>\n","protected":false},"featured_media":1841,"comment_status":"open","ping_status":"closed","template":"","meta":{"_joinchat":{"telephone":"+34617566496"}},"class_list":["post-2194","product","type-product","status-publish","has-post-thumbnail","hentry","product_cat-umrah"],"_links":{"self":[{"href":"https:\/\/umrah.es\/es\/wp-json\/wp\/v2\/product\/2194","targetHints":{"allow":["GET"]}}],"collection":[{"href":"https:\/\/umrah.es\/es\/wp-json\/wp\/v2\/product"}],"about":[{"href":"https:\/\/umrah.es\/es\/wp-json\/wp\/v2\/types\/product"}],"replies":[{"embeddable":true,"href":"https:\/\/umrah.es\/es\/wp-json\/wp\/v2\/comments?post=2194"}],"wp:featuredmedia":[{"embeddable":true,"href":"https:\/\/umrah.es\/es\/wp-json\/wp\/v2\/media\/1841"}],"wp:attachment":[{"href":"https:\/\/umrah.es\/es\/wp-json\/wp\/v2\/media?parent=2194"}],"curies":[{"name":"wp","href":"https:\/\/api.w.org\/{rel}","templated":true}]}}